{"id":1233,"date":"2026-04-14T22:05:02","date_gmt":"2026-04-14T19:05:02","guid":{"rendered":"https:\/\/www.nesstrahome.com\/?page_id=1233"},"modified":"2026-04-14T22:12:15","modified_gmt":"2026-04-14T19:12:15","slug":"maintenance","status":"publish","type":"page","link":"https:\/\/www.nesstrahome.com\/index.php\/maintenance\/","title":{"rendered":"Maintenance"},"content":{"rendered":"\n\n\n<div class=\"wp-block-wd-section wd-c8ac90b6\">\n<div class=\"wp-block-wd-row wd-c254d70a wd-custom-width\">\n<div class=\"wp-block-wd-column wd-align wd-b24d670a\">\n<p class=\"wp-block-wd-paragraph wd-1717d112\">YEN\u0130LEN\u0130YORUZ<\/p>\n\n\n\n<h2 class=\"wp-block-wd-title title color-scheme-light wd-b15e9205 wd-align-s-center\">\u00c7OK YAKINDA<\/h2>\n\n\n\n<p class=\"wp-block-wd-paragraph color-scheme-light wd-18c899b3 wd-custom-width wd-align-s-center\">Yepyeni sitemiz ile \u00e7ok k\u0131sa s\u00fcre i\u00e7erisinde hizmetinizdeyiz.<\/p>\n\n\n\n<div class=\"wp-block-wd-countdown-timer wd-countdown-timer color-scheme-light wd-93aa6562\"><div class=\"wd-timer wd-size-medium\" data-end-date=\"2026-04-20T14:27:00\" data-hide-on-finish=\"no\"><span class=\"wd-item wd-timer-days\"><span class=\"wd-timer-value\">0<\/span><span class=\"wd-timer-text\">days<\/span><\/span><div class=\"wd-sep\">:<\/div><span class=\"wd-item wd-timer-hours\"><span class=\"wd-timer-value\">00<\/span><span class=\"wd-timer-text\">hr<\/span><\/span><div class=\"wd-sep\">:<\/div><span class=\"wd-item wd-timer-min\"><span class=\"wd-timer-value\">00<\/span><span class=\"wd-timer-text\">min<\/span><\/span><div class=\"wd-sep\">:<\/div><span class=\"wd-item wd-timer-sec\"><span class=\"wd-timer-value\">00<\/span><span class=\"wd-timer-text\">sc<\/span><\/span><\/div><\/div>\n\n\n\n<div class=\"wp-block-wd-popup wd-0afe09bc\">\n<a class=\"wp-block-wd-button btn btn-style-default btn-color-primary btn-size-extra-large btn-shape-rectangle wd-8d75c387\" href=\"mailto:info@nesstrahome.com\"><span>\u0130leti\u015fim<\/span><\/a>\n\n\n\n<div class=\"wp-block-wd-popup-content wd-popup wd-popup-element wd-scroll-content wd-fd7ea85a\"><div class=\"wd-popup-inner\">\n<div class=\"wp-block-wd-row wd-5dd6df80\">\n<div class=\"wp-block-wd-column wd-85ef227a\">\n<h2 class=\"wp-block-wd-title title wd-2d97e8f8\">SEND US A MESSAGE<\/h2>\n\n\n<div id=\"\" class=\"wd-cf7 wd-dc5babca\"><p class=\"wpcf7-contact-form-not-found\"><strong>Hata:<\/strong> \u0130leti\u015fim formu bulunamad\u0131.<\/p><\/div><\/div>\n\n\n\n<div class=\"wp-block-wd-column color-scheme-light wd-59fe1ff8\">\n<h2 class=\"wp-block-wd-title title wd-3ffc0058\">CONTACT INFORMATION<\/h2>\n\n\n\n<div class=\"wp-block-wd-infobox wd-hover-parent wd-icon-start wd-9f4b0ce2\">\n<div class=\"wp-block-wd-icon wd-0005316b\"><img loading=\"lazy\" decoding=\"async\" width=\"54\" height=\"54\" class=\"wp-image-1238\" src=\"https:\/\/www.nesstrahome.com\/wp-content\/uploads\/2026\/04\/wd-pointer-light.svg\" alt=\"\"\/><\/div>\n\n\n\n<div class=\"wp-block-wd-container wd-dir-col wd-5c729d56\">\n<p class=\"wp-block-wd-paragraph wd-b9309848\">50 East 52nd Street<br>Brooklyn, NY 10022<br>United States<\/p>\n<\/div>\n<\/div>\n\n\n\n<div class=\"wp-block-wd-infobox wd-hover-parent wd-icon-start wd-7950a2dd\">\n<div class=\"wp-block-wd-icon wd-e3187bc8\"><img loading=\"lazy\" decoding=\"async\" width=\"60\" height=\"60\" class=\"wp-image-1239\" src=\"https:\/\/www.nesstrahome.com\/wp-content\/uploads\/2026\/04\/wd-mobile-light.svg\" alt=\"\"\/><\/div>\n\n\n\n<div class=\"wp-block-wd-container wd-dir-col wd-772a9e6b\">\n<p class=\"wp-block-wd-paragraph wd-aa918205\">+1322224332<br>+154623278<\/p>\n<\/div>\n<\/div>\n\n\n\n<div class=\"wp-block-wd-infobox wd-hover-parent wd-icon-start wd-b549d62f\">\n<div class=\"wp-block-wd-icon wd-d444826c\"><img loading=\"lazy\" decoding=\"async\" width=\"60\" height=\"60\" class=\"wp-image-1240\" src=\"https:\/\/www.nesstrahome.com\/wp-content\/uploads\/2026\/04\/wd-paper-plane-light.svg\" alt=\"\"\/><\/div>\n\n\n\n<div class=\"wp-block-wd-container wd-dir-col wd-2290b57b\">\n<p class=\"wp-block-wd-paragraph wd-1ebee10a\">info@google.com<br>support@google.com<\/p>\n<\/div>\n<\/div>\n\n\n\n<div class=\"wp-block-wd-divider wd-style-line wd-3897da20\"><\/div>\n\n\n\n<p class=\"wp-block-wd-paragraph wd-3bfd80bc\">Do you have questions about how we can help your company? Send us an email and we\u2019ll get in touch shortly.<\/p>\n\n\n\t\t\t<div\n\t\t\t\t\t\tclass=\" wd-social-icons wd-style-colored wd-size-small social-share wd-shape-circle  wd-03a0c39d\">\n\t\t\t\t\n\t\t\t\t\n\t\t\t\t\t\t\t\t\t<a rel=\"noopener noreferrer nofollow\" href=\"https:\/\/www.facebook.com\/sharer\/sharer.php?u=https:\/\/www.nesstrahome.com\/index.php\/maintenance\/\" target=\"_blank\" class=\" wd-social-icon social-facebook\" aria-label=\"Facebook sosyal ba\u011flant\u0131s\u0131\">\n\t\t\t\t\t\t<span class=\"wd-icon\"><\/span>\n\t\t\t\t\t\t\t\t\t\t\t<\/a>\n\t\t\t\t\n\t\t\t\t\t\t\t\t\t<a rel=\"noopener noreferrer nofollow\" href=\"https:\/\/x.com\/share?url=https:\/\/www.nesstrahome.com\/index.php\/maintenance\/\" target=\"_blank\" class=\" wd-social-icon social-twitter\" aria-label=\"X sosyal ba\u011flant\u0131s\u0131\">\n\t\t\t\t\t\t<span class=\"wd-icon\"><\/span>\n\t\t\t\t\t\t\t\t\t\t\t<\/a>\n\t\t\t\t\n\t\t\t\t\n\t\t\t\t\n\t\t\t\t\n\t\t\t\t\n\t\t\t\t\n\t\t\t\t\t\t\t\t\t<a rel=\"noopener noreferrer nofollow\" href=\"https:\/\/pinterest.com\/pin\/create\/button\/?url=https:\/\/www.nesstrahome.com\/index.php\/maintenance\/&#038;media=https:\/\/www.nesstrahome.com\/wp-includes\/images\/media\/default.svg&#038;description=Maintenance\" target=\"_blank\" class=\" wd-social-icon social-pinterest\" aria-label=\"Pinterest sosyal ba\u011flant\u0131s\u0131\">\n\t\t\t\t\t\t<span class=\"wd-icon\"><\/span>\n\t\t\t\t\t\t\t\t\t\t\t<\/a>\n\t\t\t\t\n\t\t\t\t\n\t\t\t\t\t\t\t\t\t<a rel=\"noopener noreferrer nofollow\" href=\"https:\/\/www.linkedin.com\/shareArticle?mini=true&#038;url=https:\/\/www.nesstrahome.com\/index.php\/maintenance\/\" target=\"_blank\" class=\" wd-social-icon social-linkedin\" aria-label=\"Linkedin sosyal ba\u011flant\u0131s\u0131\">\n\t\t\t\t\t\t<span class=\"wd-icon\"><\/span>\n\t\t\t\t\t\t\t\t\t\t\t<\/a>\n\t\t\t\t\n\t\t\t\t\n\t\t\t\t\n\t\t\t\t\n\t\t\t\t\n\t\t\t\t\n\t\t\t\t\n\t\t\t\t\n\t\t\t\t\n\t\t\t\t\n\t\t\t\t\n\t\t\t\t\n\t\t\t\t\n\t\t\t\t\n\t\t\t\t\n\t\t\t\t\n\t\t\t\t\n\t\t\t<\/div>\n\n\t\t<\/div>\n<\/div>\n<\/div><\/div>\n<\/div>\n\n\n\t\t\t<div\n\t\t\t\t\t\tclass=\" wd-social-icons wd-style-bordered wd-size-default social-share wd-shape-circle  wd-77138eaf wd-align color-scheme-light\">\n\t\t\t\t\n\t\t\t\t\n\t\t\t\t\t\t\t\t\t<a rel=\"noopener noreferrer nofollow\" href=\"https:\/\/www.facebook.com\/sharer\/sharer.php?u=https:\/\/www.nesstrahome.com\/index.php\/maintenance\/\" target=\"_blank\" class=\" wd-social-icon social-facebook\" aria-label=\"Facebook sosyal ba\u011flant\u0131s\u0131\">\n\t\t\t\t\t\t<span class=\"wd-icon\"><\/span>\n\t\t\t\t\t\t\t\t\t\t\t<\/a>\n\t\t\t\t\n\t\t\t\t\t\t\t\t\t<a rel=\"noopener noreferrer nofollow\" href=\"https:\/\/x.com\/share?url=https:\/\/www.nesstrahome.com\/index.php\/maintenance\/\" target=\"_blank\" class=\" wd-social-icon social-twitter\" aria-label=\"X sosyal ba\u011flant\u0131s\u0131\">\n\t\t\t\t\t\t<span class=\"wd-icon\"><\/span>\n\t\t\t\t\t\t\t\t\t\t\t<\/a>\n\t\t\t\t\n\t\t\t\t\n\t\t\t\t\n\t\t\t\t\n\t\t\t\t\n\t\t\t\t\n\t\t\t\t\t\t\t\t\t<a rel=\"noopener noreferrer nofollow\" href=\"https:\/\/pinterest.com\/pin\/create\/button\/?url=https:\/\/www.nesstrahome.com\/index.php\/maintenance\/&#038;media=https:\/\/www.nesstrahome.com\/wp-includes\/images\/media\/default.svg&#038;description=Maintenance\" target=\"_blank\" class=\" wd-social-icon social-pinterest\" aria-label=\"Pinterest sosyal ba\u011flant\u0131s\u0131\">\n\t\t\t\t\t\t<span class=\"wd-icon\"><\/span>\n\t\t\t\t\t\t\t\t\t\t\t<\/a>\n\t\t\t\t\n\t\t\t\t\n\t\t\t\t\t\t\t\t\t<a rel=\"noopener noreferrer nofollow\" href=\"https:\/\/www.linkedin.com\/shareArticle?mini=true&#038;url=https:\/\/www.nesstrahome.com\/index.php\/maintenance\/\" target=\"_blank\" class=\" wd-social-icon social-linkedin\" aria-label=\"Linkedin sosyal ba\u011flant\u0131s\u0131\">\n\t\t\t\t\t\t<span class=\"wd-icon\"><\/span>\n\t\t\t\t\t\t\t\t\t\t\t<\/a>\n\t\t\t\t\n\t\t\t\t\n\t\t\t\t\n\t\t\t\t\n\t\t\t\t\n\t\t\t\t\n\t\t\t\t\n\t\t\t\t\n\t\t\t\t\n\t\t\t\t\n\t\t\t\t\n\t\t\t\t\n\t\t\t\t\n\t\t\t\t\n\t\t\t\t\n\t\t\t\t\n\t\t\t\t\n\t\t\t<\/div>\n\n\t\t<\/div>\n\n\n\n<div class=\"wp-block-wd-column wd-dc316638\"><\/div>\n<\/div>\n<\/div>\n","protected":false},"excerpt":{"rendered":"","protected":false},"author":1,"featured_media":0,"parent":0,"menu_order":0,"comment_status":"closed","ping_status":"closed","template":"maintenance.php","meta":{"footnotes":""},"class_list":["post-1233","page","type-page","status-publish","hentry"],"_links":{"self":[{"href":"https:\/\/www.nesstrahome.com\/index.php\/wp-json\/wp\/v2\/pages\/1233","targetHints":{"allow":["GET"]}}],"collection":[{"href":"https:\/\/www.nesstrahome.com\/index.php\/wp-json\/wp\/v2\/pages"}],"about":[{"href":"https:\/\/www.nesstrahome.com\/index.php\/wp-json\/wp\/v2\/types\/page"}],"author":[{"embeddable":true,"href":"https:\/\/www.nesstrahome.com\/index.php\/wp-json\/wp\/v2\/users\/1"}],"replies":[{"embeddable":true,"href":"https:\/\/www.nesstrahome.com\/index.php\/wp-json\/wp\/v2\/comments?post=1233"}],"version-history":[{"count":5,"href":"https:\/\/www.nesstrahome.com\/index.php\/wp-json\/wp\/v2\/pages\/1233\/revisions"}],"predecessor-version":[{"id":1247,"href":"https:\/\/www.nesstrahome.com\/index.php\/wp-json\/wp\/v2\/pages\/1233\/revisions\/1247"}],"wp:attachment":[{"href":"https:\/\/www.nesstrahome.com\/index.php\/wp-json\/wp\/v2\/media?parent=1233"}],"curies":[{"name":"wp","href":"https:\/\/api.w.org\/{rel}","templated":true}]}}